{"id":2,"date":"2016-05-10T03:48:21","date_gmt":"2016-05-10T03:48:21","guid":{"rendered":"http:\/\/mybs.ch\/?page_id=2"},"modified":"2020-01-06T16:23:13","modified_gmt":"2020-01-06T16:23:13","slug":"sample-page","status":"publish","type":"page","link":"https:\/\/mybs.ch\/?page_id=2","title":{"rendered":"mybs Linksammlig"},"content":{"rendered":"<p><strong>Arbeit<\/strong><\/p>\n<table width=\"100%\">\n<tbody>\n<tr>\n<td width=\"336\"><a href=\"http:\/\/www.psi.ch\">Paul Scherrer Institut<\/a><\/td>\n<td width=\"445\">Der Arbeitgeber von Yves<\/td>\n<\/tr>\n<tr>\n<td><a href=\"http:\/\/www.rahm-treuhand.ch\">Treunova GmbH<\/a><\/td>\n<td>Der Arbeitgeber von Sonja<\/td>\n<\/tr>\n<\/tbody>\n<\/table>\n<p><strong>Hobbies<\/strong><\/p>\n<table width=\"100%\">\n<tbody>\n<tr>\n<td width=\"250\">\u00a0<a href=\"http:\/\/www.fotokarten.ch\" target=\"_blank\" rel=\"noopener\">Fotokarten<\/a><\/td>\n<td>\u00a0Die sch\u00f6nsten Fotos als Karte<\/td>\n<\/tr>\n<tr>\n<td width=\"250\">\u00a0<a href=\"http:\/\/www.1250.ch\" target=\"_blank\" rel=\"noopener\">zw\u00f6lfhundertf\u00fcfzg grad<\/a><\/td>\n<td>\u00a0Sonjas zweites kreatives Hobby<\/td>\n<\/tr>\n<tr>\n<td width=\"250\"><a href=\"http:\/\/www.asvbaar.ch\">Armbrustsch\u00fctzenverein Baar<\/a><\/td>\n<td>Der Verein, bei dem Yves und Sonja Ehrenmitglieder sind<\/td>\n<\/tr>\n<tr>\n<td><a href=\"http:\/\/www.mybs.ch\/www.easv.ch\">Eidg. Armbrustsch\u00fctzenverband <\/a><\/td>\n<td>alle Informationen rund ums Armbrustschiessen<\/td>\n<\/tr>\n<\/tbody>\n<\/table>\n<p><strong>Spiele<\/strong><\/p>\n<table width=\"100%\">\n<tbody>\n<tr>\n<td width=\"150\"><a href=\"http:\/\/www.diesiedlervoncatan.de\/index2.htm\">Siedler<\/a><\/td>\n<td>die Homepage f\u00fcr alle Siedler-von-Catan-Freunde<\/td>\n<\/tr>\n<tr>\n<td width=\"150\"><a href=\"http:\/\/www.carambole.ch\/\">Carambole<\/a><\/td>\n<td>das Spiel mit viel Fingerspitzengef\u00fchl<\/td>\n<\/tr>\n<tr>\n<td width=\"150\"><a href=\"http:\/\/www.spielhimmel.ch\/\">Spielhimmel<\/a><\/td>\n<td>hier findest Du alle m\u00f6glichen Spiele<\/td>\n<\/tr>\n<tr>\n<td><a href=\"http:\/\/www.dogdasspiel.ch\">Dog<\/a><\/td>\n<td>Suchtpontential&#8230; Das Holzspiel kann bei Sonja bestellt werden \ud83d\ude42<\/td>\n<\/tr>\n<\/tbody>\n<\/table>\n<p><strong>Schaffhausen<\/strong><\/p>\n<table width=\"100%\">\n<tbody>\n<tr>\n<td width=\"336\"><a href=\"http:\/\/www.loehningen.ch\">L\u00f6hningen 1<\/a><\/td>\n<td width=\"445\">unser neuer Wohnort<\/td>\n<\/tr>\n<tr>\n<td><a href=\"http:\/\/www.youtube.com\/watch?v=BIW7eSuFDC8\">L\u00f6hningen 2<\/a><\/td>\n<td>wir sind sogar auf youtube.com!!!<\/td>\n<\/tr>\n<tr>\n<td width=\"336\"><a href=\"http:\/\/www.schaffhausen.ch\">Schaffhausen 1<\/a><\/td>\n<td width=\"445\">moderner Kanton<\/td>\n<\/tr>\n<tr>\n<td width=\"336\"><a href=\"http:\/\/www.schaumal.sh\">Schaffhausen 2<\/a><\/td>\n<td width=\"445\">alles Wissenswerte \u00fcber unsere neue Heimat<\/td>\n<\/tr>\n<tr>\n<td width=\"336\"><a href=\"http:\/\/www.trottenfest-loehningen.ch\">Trottenfest L\u00f6hningen<\/a><\/td>\n<td width=\"445\">wir freuen uns auf&#8217;s Trottenfest!<\/td>\n<\/tr>\n<tr>\n<td width=\"336\"><a href=\"http:\/\/www.dartclub-loehningen.ch\">Dartclub L\u00f6hningen <\/a><\/td>\n<td width=\"445\">Dart spielen und&#8230;<\/td>\n<\/tr>\n<tr>\n<td><a href=\"http:\/\/www.weinlandnet.ch\/events_html\/kuerbisfet_rudolfingen.html\">K\u00fcrbisfest Rudolfingen <\/a><\/td>\n<td>sch\u00f6ne K\u00fcrbisdekorationen, um 18.00 Uhr geht das Licht aus!<\/td>\n<\/tr>\n<\/tbody>\n<\/table>\n<p><strong>Sport<\/strong><\/p>\n<p>&nbsp;<\/p>\n<table style=\"height: 323px;\" width=\"671\">\n<tbody>\n<tr>\n<td width=\"336\"><a href=\"http:\/\/www.hcd.ch\">HC Davos<\/a><\/td>\n<td width=\"452\">DER Hockeyverein&#8230; (nach Meinung von Sonja und Colin)<\/td>\n<\/tr>\n<tr>\n<td width=\"336\"><a href=\"http:\/\/www.evz.ch\">EV Zug<\/a><\/td>\n<td width=\"452\">DER Hockeyverein&#8230; (nach Meinung von Yves und Enya)<\/td>\n<\/tr>\n<tr>\n<td width=\"336\"><a href=\"http:\/\/www.tv-loehningen.ch\">TV L\u00f6hningen<\/a><\/td>\n<td width=\"452\">Hier trainieren Sonja und Colin<\/td>\n<\/tr>\n<tr>\n<td width=\"336\"><a href=\"http:\/\/knabenmusik.ch\/\">Knabenmusik Schaffhausen<\/a><\/td>\n<td width=\"452\">Das musikalische Hobby von Enya und Colin<\/td>\n<\/tr>\n<tr>\n<td width=\"336\"><a href=\"http:\/\/celtic-dance.ch\/\">Irish Dance School<\/a><\/td>\n<td width=\"452\">Das sportliche Hobby von Enya<\/td>\n<\/tr>\n<tr>\n<td width=\"336\"><\/td>\n<td width=\"452\"><\/td>\n<\/tr>\n<\/tbody>\n<\/table>\n<p><strong>Diverses<\/strong><\/p>\n<table width=\"100%\">\n<tbody>\n<tr>\n<td width=\"407\"><a href=\"http:\/\/www.photocube.ch\">Stefan Foster, photocube<\/a><\/td>\n<td width=\"539\">tolle Kurse<em><br \/>\n<\/em><\/td>\n<\/tr>\n<tr>\n<td width=\"407\"><a href=\"http:\/\/www.kkl-uffikon.ch\">KKL | Kunst und Kulturen auf dem Lande<\/a><\/td>\n<td width=\"539\">ein Ausflug lohnt sich auf alle F\u00e4lle!<\/td>\n<\/tr>\n<tr>\n<td width=\"407\"><a href=\"http:\/\/www.ausflugstipps.ch\">Ausflugtipps<\/a><\/td>\n<td width=\"539\">wenn die Ideen fehlen&#8230;<\/td>\n<\/tr>\n<tr>\n<td width=\"407\"><a href=\"http:\/\/www.crocs.com\">Crocs<\/a><\/td>\n<td width=\"539\">Laufen wie auf Wolken!!!<\/td>\n<\/tr>\n<tr>\n<td><a href=\"http:\/\/www.mybs.ch\/www.mondglas.ch\">Schauglash\u00fctte Mondglas , Hallau <\/a><\/td>\n<td>zusehen, lernen, selber Glas machen<\/td>\n<\/tr>\n<tr>\n<td><a href=\"http:\/\/www.samtpfoteninnot.ch\/\">Samtpfoten in Not <\/a><\/td>\n<td>Hier haben wir unsere Lucy gefunden und ins Herz geschlossen.<\/td>\n<\/tr>\n<\/tbody>\n<\/table>\n","protected":false},"excerpt":{"rendered":"<p>Arbeit Paul Scherrer Institut Der Arbeitgeber von Yves Treunova GmbH Der Arbeitgeber von Sonja Hobbies \u00a0Fotokarten \u00a0Die sch\u00f6nsten Fotos als Karte \u00a0zw\u00f6lfhundertf\u00fcfzg grad \u00a0Sonjas zweites kreatives Hobby Armbrustsch\u00fctzenverein Baar Der Verein, bei dem Yves und Sonja Ehrenmitglieder sind Eidg. Armbrustsch\u00fctzenverband alle Informationen rund ums Armbrustschiessen Spiele Siedler die Homepage f\u00fcr alle Siedler-von-Catan-Freunde Carambole das Spiel &hellip; <\/p>\n<p class=\"link-more\"><a href=\"https:\/\/mybs.ch\/?page_id=2\" class=\"more-link\"><span class=\"screen-reader-text\">\u201emybs Linksammlig\u201c<\/span> weiterlesen<\/a><\/p>\n","protected":false},"author":1,"featured_media":0,"parent":0,"menu_order":0,"comment_status":"closed","ping_status":"closed","template":"","meta":{"footnotes":""},"class_list":["post-2","page","type-page","status-publish","hentry"],"_links":{"self":[{"href":"https:\/\/mybs.ch\/index.php?rest_route=\/wp\/v2\/pages\/2","targetHints":{"allow":["GET"]}}],"collection":[{"href":"https:\/\/mybs.ch\/index.php?rest_route=\/wp\/v2\/pages"}],"about":[{"href":"https:\/\/mybs.ch\/index.php?rest_route=\/wp\/v2\/types\/page"}],"author":[{"embeddable":true,"href":"https:\/\/mybs.ch\/index.php?rest_route=\/wp\/v2\/users\/1"}],"replies":[{"embeddable":true,"href":"https:\/\/mybs.ch\/index.php?rest_route=%2Fwp%2Fv2%2Fcomments&post=2"}],"version-history":[{"count":7,"href":"https:\/\/mybs.ch\/index.php?rest_route=\/wp\/v2\/pages\/2\/revisions"}],"predecessor-version":[{"id":29,"href":"https:\/\/mybs.ch\/index.php?rest_route=\/wp\/v2\/pages\/2\/revisions\/29"}],"wp:attachment":[{"href":"https:\/\/mybs.ch\/index.php?rest_route=%2Fwp%2Fv2%2Fmedia&parent=2"}],"curies":[{"name":"wp","href":"https:\/\/api.w.org\/{rel}","templated":true}]}}